{"id":27,"date":"2019-10-07T17:16:55","date_gmt":"2019-10-07T15:16:55","guid":{"rendered":"http:\/\/apotheke-bh-bv.de\/?page_id=27"},"modified":"2025-05-17T09:40:12","modified_gmt":"2025-05-17T07:40:12","slug":"sparen-sparen-sparen","status":"publish","type":"page","link":"http:\/\/apotheke-bh-bv.de\/?page_id=27","title":{"rendered":"Sparen-Sparen-Sparen"},"content":{"rendered":"\n<p><strong>Sparkarte<\/strong><\/p>\n\n\n\n<p>Nutzen Sie unsere Stempel-Sparkarte. Jeder Artikel \u00fcber 5,-\u20ac Verkaufswert (frei verk\u00e4uflich) gibt schon einen Stempel. Mit acht Stempeln erhalten Sie auf einen neunten Artikel einen Rabatt von 20%.<\/p>\n\n\n\n<p><strong>Nutzen Sie <a href=\"https:\/\/zackda.de\/5a83\" data-type=\"link\" data-id=\"https:\/\/zackda.de\/5a83\">Zack+Da <\/a>f\u00fcr Ihre Bestellungen<\/strong>, sie erhalten daf\u00fcr einen kleinen Treue-Rabatt<\/p>\n\n\n\n<p><\/p>\n\n\n\n<h2 class=\"wp-block-heading\">Recht und Gesetz<\/h2>\n\n\n\n<p>Bitte beachten Sie, dass nur freiverk\u00e4ufliche Artikel rabattiert werden d\u00fcrfen. Verschreibungspflichtige Arzneimittel unterliegen ebenso wie B\u00fccher einer Preisbindung. Diese Preisbindung stellt die Versorgung der Bev\u00f6lkerung mit Arzneimitteln sicher, auch im Katastrophenfall oder bei Mangel.<\/p>\n","protected":false},"excerpt":{"rendered":"<p>Sparkarte Nutzen Sie unsere Stempel-Sparkarte. Jeder Artikel \u00fcber 5,-\u20ac Verkaufswert (frei verk\u00e4uflich) gibt schon einen Stempel. Mit acht Stempeln erhalten Sie auf einen neunten Artikel einen Rabatt von 20%. Nutzen Sie Zack+Da f\u00fcr Ihre Bestellungen, sie erhalten daf\u00fcr einen kleinen Treue-Rabatt Recht und Gesetz Bitte beachten Sie, dass nur freiverk\u00e4ufliche Artikel rabattiert werden d\u00fcrfen. Verschreibungspflichtige &hellip; <a href=\"http:\/\/apotheke-bh-bv.de\/?page_id=27\" class=\"more-link\"><span class=\"screen-reader-text\">Sparen-Sparen-Sparen<\/span> weiterlesen <span class=\"meta-nav\">&rarr;<\/span><\/a><\/p>\n","protected":false},"author":1,"featured_media":0,"parent":7,"menu_order":5,"comment_status":"closed","ping_status":"closed","template":"","meta":{"footnotes":""},"class_list":["post-27","page","type-page","status-publish","hentry"],"_links":{"self":[{"href":"http:\/\/apotheke-bh-bv.de\/index.php?rest_route=\/wp\/v2\/pages\/27","targetHints":{"allow":["GET"]}}],"collection":[{"href":"http:\/\/apotheke-bh-bv.de\/index.php?rest_route=\/wp\/v2\/pages"}],"about":[{"href":"http:\/\/apotheke-bh-bv.de\/index.php?rest_route=\/wp\/v2\/types\/page"}],"author":[{"embeddable":true,"href":"http:\/\/apotheke-bh-bv.de\/index.php?rest_route=\/wp\/v2\/users\/1"}],"replies":[{"embeddable":true,"href":"http:\/\/apotheke-bh-bv.de\/index.php?rest_route=%2Fwp%2Fv2%2Fcomments&post=27"}],"version-history":[{"count":16,"href":"http:\/\/apotheke-bh-bv.de\/index.php?rest_route=\/wp\/v2\/pages\/27\/revisions"}],"predecessor-version":[{"id":542,"href":"http:\/\/apotheke-bh-bv.de\/index.php?rest_route=\/wp\/v2\/pages\/27\/revisions\/542"}],"up":[{"embeddable":true,"href":"http:\/\/apotheke-bh-bv.de\/index.php?rest_route=\/wp\/v2\/pages\/7"}],"wp:attachment":[{"href":"http:\/\/apotheke-bh-bv.de\/index.php?rest_route=%2Fwp%2Fv2%2Fmedia&parent=27"}],"curies":[{"name":"wp","href":"https:\/\/api.w.org\/{rel}","templated":true}]}}