{"id":25,"date":"2019-10-07T17:14:16","date_gmt":"2019-10-07T15:14:16","guid":{"rendered":"http:\/\/apotheke-bh-bv.de\/?page_id=25"},"modified":"2023-07-15T09:40:55","modified_gmt":"2023-07-15T07:40:55","slug":"wir-ueber-uns","status":"publish","type":"page","link":"http:\/\/apotheke-bh-bv.de\/?page_id=25","title":{"rendered":"Wir \u00fcber uns"},"content":{"rendered":"\n<p>Die &#8222;Apotheke am Bahnhof Bad Vilbel&#8220; bietet  Ihnen Arzneimittel, Nahrungserg\u00e4nzungsmittel, Verbandstoffe, Kosmetika  (Vichy,&nbsp; La Roche Posay, Avene,&nbsp; Eucerin,&nbsp; Physiogel, Linola, Oliven\u00f6l,  Dr. Theiss, Dermasence,&nbsp; Cetaphil, Ladival uvm.) auf 200 qm Einkaufsfl\u00e4che an.  W\u00e4hlen Sie selbst aus, oder lassen Sie sich qualifiziert beraten.<\/p>\n\n\n\n<p>Ihre Rezepte und Bestellungen bearbeiten wir gerne an den modernen \nBeratungspl\u00e4tzen mit Rezeptscanner und Automatenausgabe. Wir haben Zeit \nf\u00fcr Sie, weil wir nicht mehr zur Schublade laufen m\u00fcssen, um die \nArzneimittel herbeizuholen.<\/p>\n\n\n\n<p>Leichte Orientierung durch thematisch sortierte Regale f\u00fcr<\/p>\n\n\n\n<ul class=\"wp-block-list\">\n<li>Mutter+Kind<\/li>\n\n\n\n<li>Hautpflege<\/li>\n\n\n\n<li>Kosmetik<\/li>\n\n\n\n<li>Sonnenschutz<\/li>\n\n\n\n<li>Erk\u00e4ltung<\/li>\n\n\n\n<li>Auge<\/li>\n\n\n\n<li>Verbandstoffe<\/li>\n\n\n\n<li>Spurenelemente<\/li>\n\n\n\n<li>Vitamine<\/li>\n\n\n\n<li>Probiotika<\/li>\n\n\n\n<li>Basica<\/li>\n\n\n\n<li>Lactose\/Fructose-Intolleranz<\/li>\n\n\n\n<li>Abnehmen<\/li>\n\n\n\n<li>Hand und Fu\u00dfkosmetik<\/li>\n\n\n\n<li>Inkontinenz<\/li>\n\n\n\n<li>W\u00e4rmepflaster<\/li>\n\n\n\n<li>Fu\u00dfgesundheit<\/li>\n<\/ul>\n\n\n\n<p>runden das Angebot ab und erlauben Ihnen, sich selbst mit der Ware vertraut zu machen.<\/p>\n\n\n\n<p>Beratend steht Ihnen immer qualifiziertes Personal zur Seite.<\/p>\n\n\n\n<p>Au\u00dferhalb unserer \u00d6ffnungszeiten erhalten Sie Hilfe in der jeweiligen Notdienstapotheke unter <a rel=\"noreferrer noopener\" href=\"https:\/\/www.apotheken.de\" target=\"_blank\">https:\/\/www.apotheken.de<\/a>.<\/p>\n","protected":false},"excerpt":{"rendered":"<p>Die &#8222;Apotheke am Bahnhof Bad Vilbel&#8220; bietet Ihnen Arzneimittel, Nahrungserg\u00e4nzungsmittel, Verbandstoffe, Kosmetika (Vichy,&nbsp; La Roche Posay, Avene,&nbsp; Eucerin,&nbsp; Physiogel, Linola, Oliven\u00f6l, Dr. Theiss, Dermasence,&nbsp; Cetaphil, Ladival uvm.) auf 200 qm Einkaufsfl\u00e4che an. W\u00e4hlen Sie selbst aus, oder lassen Sie sich qualifiziert beraten. Ihre Rezepte und Bestellungen bearbeiten wir gerne an den modernen Beratungspl\u00e4tzen mit Rezeptscanner &hellip; <a href=\"http:\/\/apotheke-bh-bv.de\/?page_id=25\" class=\"more-link\"><span class=\"screen-reader-text\">Wir \u00fcber uns<\/span> weiterlesen <span class=\"meta-nav\">&rarr;<\/span><\/a><\/p>\n","protected":false},"author":1,"featured_media":0,"parent":7,"menu_order":7,"comment_status":"closed","ping_status":"closed","template":"","meta":{"footnotes":""},"class_list":["post-25","page","type-page","status-publish","hentry"],"_links":{"self":[{"href":"http:\/\/apotheke-bh-bv.de\/index.php?rest_route=\/wp\/v2\/pages\/25","targetHints":{"allow":["GET"]}}],"collection":[{"href":"http:\/\/apotheke-bh-bv.de\/index.php?rest_route=\/wp\/v2\/pages"}],"about":[{"href":"http:\/\/apotheke-bh-bv.de\/index.php?rest_route=\/wp\/v2\/types\/page"}],"author":[{"embeddable":true,"href":"http:\/\/apotheke-bh-bv.de\/index.php?rest_route=\/wp\/v2\/users\/1"}],"replies":[{"embeddable":true,"href":"http:\/\/apotheke-bh-bv.de\/index.php?rest_route=%2Fwp%2Fv2%2Fcomments&post=25"}],"version-history":[{"count":14,"href":"http:\/\/apotheke-bh-bv.de\/index.php?rest_route=\/wp\/v2\/pages\/25\/revisions"}],"predecessor-version":[{"id":474,"href":"http:\/\/apotheke-bh-bv.de\/index.php?rest_route=\/wp\/v2\/pages\/25\/revisions\/474"}],"up":[{"embeddable":true,"href":"http:\/\/apotheke-bh-bv.de\/index.php?rest_route=\/wp\/v2\/pages\/7"}],"wp:attachment":[{"href":"http:\/\/apotheke-bh-bv.de\/index.php?rest_route=%2Fwp%2Fv2%2Fmedia&parent=25"}],"curies":[{"name":"wp","href":"https:\/\/api.w.org\/{rel}","templated":true}]}}