{"id":18,"date":"2019-10-07T15:20:05","date_gmt":"2019-10-07T13:20:05","guid":{"rendered":"http:\/\/apotheke-bh-bv.de\/?page_id=18"},"modified":"2025-01-23T16:42:10","modified_gmt":"2025-01-23T15:42:10","slug":"notdienst","status":"publish","type":"page","link":"http:\/\/apotheke-bh-bv.de\/?page_id=18","title":{"rendered":"Notdienst"},"content":{"rendered":"\n<p>Der Apotheken-Notdienst wechselt t\u00e4glich innerhalb des Notdienstkreises  um 9.00 Uhr. In maximal 10 km Entfernung hat immer eine Apotheke f\u00fcr Sie ge\u00f6ffnet. <\/p>\n\n\n\n<p>Hier ein Link zu den Notdienstapotheken des Tages:<\/p>\n\n\n\n<p><a href=\"https:\/\/www.aponet.de\/service\/notdienstapotheke-finden\/\">https:\/\/www.aponet.de\/service\/notdienstapotheke-finden\/<\/a><\/p>\n\n\n\n<p>An jeder Apotheke finden Sie einen aktuellen Aushang f\u00fcr die aktuelle Notdienstapotheke<\/p>\n\n\n\n<p>F\u00fcr die Leistung im Notdienst f\u00e4llt werktags in der Zeit von 20 Uhr bis 8.00  morgens eine gesetzliche Geb\u00fchr von 2,50\u20ac an. Sonntags wird diese Geb\u00fchr immer erhoben. Bei Rezepten aus dem  \u00e4rztlichen Notdienst mit gesetztem Noctu-Kreuz werden die 2,50\u20ac von der Krankenkasse \u00fcbernommen.<\/p>\n\n\n\n<p><\/p>\n","protected":false},"excerpt":{"rendered":"<p>Der Apotheken-Notdienst wechselt t\u00e4glich innerhalb des Notdienstkreises um 9.00 Uhr. In maximal 10 km Entfernung hat immer eine Apotheke f\u00fcr Sie ge\u00f6ffnet. Hier ein Link zu den Notdienstapotheken des Tages: https:\/\/www.aponet.de\/service\/notdienstapotheke-finden\/ An jeder Apotheke finden Sie einen aktuellen Aushang f\u00fcr die aktuelle Notdienstapotheke F\u00fcr die Leistung im Notdienst f\u00e4llt werktags in der Zeit von 20 &hellip; <a href=\"http:\/\/apotheke-bh-bv.de\/?page_id=18\" class=\"more-link\"><span class=\"screen-reader-text\">Notdienst<\/span> weiterlesen <span class=\"meta-nav\">&rarr;<\/span><\/a><\/p>\n","protected":false},"author":1,"featured_media":0,"parent":7,"menu_order":7,"comment_status":"closed","ping_status":"closed","template":"","meta":{"footnotes":""},"class_list":["post-18","page","type-page","status-publish","hentry"],"_links":{"self":[{"href":"http:\/\/apotheke-bh-bv.de\/index.php?rest_route=\/wp\/v2\/pages\/18","targetHints":{"allow":["GET"]}}],"collection":[{"href":"http:\/\/apotheke-bh-bv.de\/index.php?rest_route=\/wp\/v2\/pages"}],"about":[{"href":"http:\/\/apotheke-bh-bv.de\/index.php?rest_route=\/wp\/v2\/types\/page"}],"author":[{"embeddable":true,"href":"http:\/\/apotheke-bh-bv.de\/index.php?rest_route=\/wp\/v2\/users\/1"}],"replies":[{"embeddable":true,"href":"http:\/\/apotheke-bh-bv.de\/index.php?rest_route=%2Fwp%2Fv2%2Fcomments&post=18"}],"version-history":[{"count":9,"href":"http:\/\/apotheke-bh-bv.de\/index.php?rest_route=\/wp\/v2\/pages\/18\/revisions"}],"predecessor-version":[{"id":528,"href":"http:\/\/apotheke-bh-bv.de\/index.php?rest_route=\/wp\/v2\/pages\/18\/revisions\/528"}],"up":[{"embeddable":true,"href":"http:\/\/apotheke-bh-bv.de\/index.php?rest_route=\/wp\/v2\/pages\/7"}],"wp:attachment":[{"href":"http:\/\/apotheke-bh-bv.de\/index.php?rest_route=%2Fwp%2Fv2%2Fmedia&parent=18"}],"curies":[{"name":"wp","href":"https:\/\/api.w.org\/{rel}","templated":true}]}}