{"id":14,"date":"2019-10-07T15:14:21","date_gmt":"2019-10-07T13:14:21","guid":{"rendered":"http:\/\/apotheke-bh-bv.de\/?page_id=14"},"modified":"2025-09-22T19:26:00","modified_gmt":"2025-09-22T17:26:00","slug":"unsere-monatsangebote","status":"publish","type":"page","link":"http:\/\/apotheke-bh-bv.de\/?page_id=14","title":{"rendered":"Unsere Monatsangebote"},"content":{"rendered":"\n<p>Die Kosmetikhersteller geben \u00fcber das Jahr eine Vielzahl von Coupons, die Preisvorteile von bis zu 5,-\u20ac oder 20% pro Packung gew\u00e4hren. Wir helfen Ihnen diese Coupons effektiv einzusetzen und zu optimieren.<\/p>\n\n\n\n<p>Zus\u00e4tzlich wird jeder frei verk\u00e4ufliche Artikel mit einem Stempel auf unserem Rabattblatt belohnt. (nicht bei verschreibungsplfichtigen Arzneimitteln, Bezugsscheinen und B\u00fcchern). Mit 8 Rabattstempeln erhalten Sie 20% Rabatt auf einen 9. Artikel.<\/p>\n\n\n\n<p><\/p>\n","protected":false},"excerpt":{"rendered":"<p>Die Kosmetikhersteller geben \u00fcber das Jahr eine Vielzahl von Coupons, die Preisvorteile von bis zu 5,-\u20ac oder 20% pro Packung gew\u00e4hren. Wir helfen Ihnen diese Coupons effektiv einzusetzen und zu optimieren. Zus\u00e4tzlich wird jeder frei verk\u00e4ufliche Artikel mit einem Stempel auf unserem Rabattblatt belohnt. (nicht bei verschreibungsplfichtigen Arzneimitteln, Bezugsscheinen und B\u00fcchern). Mit 8 Rabattstempeln erhalten &hellip; <a href=\"http:\/\/apotheke-bh-bv.de\/?page_id=14\" class=\"more-link\"><span class=\"screen-reader-text\">Unsere Monatsangebote<\/span> weiterlesen <span class=\"meta-nav\">&rarr;<\/span><\/a><\/p>\n","protected":false},"author":1,"featured_media":0,"parent":7,"menu_order":8,"comment_status":"closed","ping_status":"closed","template":"","meta":{"footnotes":""},"class_list":["post-14","page","type-page","status-publish","hentry"],"_links":{"self":[{"href":"http:\/\/apotheke-bh-bv.de\/index.php?rest_route=\/wp\/v2\/pages\/14","targetHints":{"allow":["GET"]}}],"collection":[{"href":"http:\/\/apotheke-bh-bv.de\/index.php?rest_route=\/wp\/v2\/pages"}],"about":[{"href":"http:\/\/apotheke-bh-bv.de\/index.php?rest_route=\/wp\/v2\/types\/page"}],"author":[{"embeddable":true,"href":"http:\/\/apotheke-bh-bv.de\/index.php?rest_route=\/wp\/v2\/users\/1"}],"replies":[{"embeddable":true,"href":"http:\/\/apotheke-bh-bv.de\/index.php?rest_route=%2Fwp%2Fv2%2Fcomments&post=14"}],"version-history":[{"count":28,"href":"http:\/\/apotheke-bh-bv.de\/index.php?rest_route=\/wp\/v2\/pages\/14\/revisions"}],"predecessor-version":[{"id":559,"href":"http:\/\/apotheke-bh-bv.de\/index.php?rest_route=\/wp\/v2\/pages\/14\/revisions\/559"}],"up":[{"embeddable":true,"href":"http:\/\/apotheke-bh-bv.de\/index.php?rest_route=\/wp\/v2\/pages\/7"}],"wp:attachment":[{"href":"http:\/\/apotheke-bh-bv.de\/index.php?rest_route=%2Fwp%2Fv2%2Fmedia&parent=14"}],"curies":[{"name":"wp","href":"https:\/\/api.w.org\/{rel}","templated":true}]}}